{"id":118,"date":"2023-09-18T18:28:31","date_gmt":"2023-09-18T18:28:31","guid":{"rendered":"https:\/\/revieweasy.ca\/client\/sema\/?page_id=118"},"modified":"2025-03-28T18:11:47","modified_gmt":"2025-03-28T18:11:47","slug":"planification","status":"publish","type":"page","link":"https:\/\/constructionsema.ca\/fr\/planification\/","title":{"rendered":"Planification"},"content":{"rendered":"<p>[et_pb_section fb_built=&#8221;1&#8243; admin_label=&#8221;Hero Section&#8221; _builder_version=&#8221;4.16&#8243; custom_padding=&#8221;0|0px|0px|0px&#8221; global_colors_info=&#8221;{}&#8221;][et_pb_row column_structure=&#8221;1_2,1_2&#8243; use_custom_gutter=&#8221;on&#8221; gutter_width=&#8221;1&#8243; make_equal=&#8221;on&#8221; _builder_version=&#8221;4.24.0&#8243; width=&#8221;100%&#8221; max_width=&#8221;100%&#8221; custom_padding=&#8221;0px|0|0px|&#8221; hover_enabled=&#8221;0&#8243; use_custom_width=&#8221;on&#8221; width_unit=&#8221;off&#8221; custom_width_percent=&#8221;100%&#8221; global_colors_info=&#8221;{}&#8221; sticky_enabled=&#8221;0&#8243;][et_pb_column type=&#8221;1_2&#8243; _builder_version=&#8221;4.16&#8243; custom_padding=&#8221;200px|4%|200px|8%&#8221; custom_padding_tablet=&#8221;60px|10%|60px|10%&#8221; custom_padding_phone=&#8221;60px|10%|60px|10%&#8221; custom_padding_last_edited=&#8221;on|tablet&#8221; global_colors_info=&#8221;{}&#8221; padding_tablet=&#8221;60px|10%|60px|10%&#8221; padding_last_edited=&#8221;on|tablet&#8221; custom_padding__hover=&#8221;|||&#8221; padding_phone=&#8221;60px|10%|60px|10%&#8221;][et_pb_text _builder_version=&#8221;4.21.0&#8243; text_font=&#8221;||||||||&#8221; header_font=&#8221;||||||||&#8221; header_3_font=&#8221;Karla|700||on|||||&#8221; header_3_text_color=&#8221;gcid-ab07bb2b-c00e-407f-b645-ea5b096a9ee2&#8243; header_3_font_size=&#8221;16px&#8221; header_3_letter_spacing=&#8221;1px&#8221; background_layout=&#8221;dark&#8221; max_width=&#8221;600px&#8221; module_alignment=&#8221;left&#8221; custom_margin=&#8221;||20px|&#8221; locked=&#8221;off&#8221; global_colors_info=&#8221;{%22gcid-ab07bb2b-c00e-407f-b645-ea5b096a9ee2%22:%91%22header_3_text_color%22%93}&#8221;]<\/p>\n<h3>Planification<\/h3>\n<p><quillbot-extension-portal><\/quillbot-extension-portal><\/p>\n<p>[\/et_pb_text][et_pb_text _builder_version=&#8221;4.22.0&#8243; text_font=&#8221;Karla||||||||&#8221; text_font_size=&#8221;15px&#8221; text_line_height=&#8221;1.8em&#8221; header_font=&#8221;Cormorant Garamond||||||||&#8221; header_font_size=&#8221;54px&#8221; max_width=&#8221;800px&#8221; header_font_size_tablet=&#8221;40px&#8221; header_font_size_phone=&#8221;&#8221; header_font_size_last_edited=&#8221;on|tablet&#8221; locked=&#8221;off&#8221; global_colors_info=&#8221;{}&#8221;]<\/p>\n<h1>Nous planifions, nous agissons, nous construisons.<\/h1>\n<p>L&#8217;un des aspects cl\u00e9s de notre service est de prendre en charge l&#8217;ensemble du processus de d\u00e9veloppement. La premi\u00e8re \u00e9tape de ce processus est la planification. \u00c0 ce moment, nous rep\u00e9rons les meilleurs terrains \u00e0 acheter pour construire nos immeubles locatifs. Le choix du terrain se fait en ayant toujours \u00e0 l\u2019esprit la rentabilit\u00e9 que l&#8217;immeuble locatif offrira \u00e0 nos investisseurs.<\/p>\n<p>Une fois le terrain choisi, nous nous occupons d\u2019obtenir tous les permis n\u00e9cessaires requis par la ville afin que la construction de nos immeubles soit en r\u00e8gle. Nous sommes donc assur\u00e9s que le processus de construction se fera sans heurts.<\/p>\n<p>Le choix d&#8217;un terrain pour la construction d&#8217;un immeuble locatif d\u00e9pend de plusieurs crit\u00e8res importants.<\/p>\n<p>[\/et_pb_text][et_pb_button button_url=&#8221;http:\/\/constructionsema.ca\/contact\/&#8221; button_text=&#8221;Contactez-nous&#8221; _builder_version=&#8221;4.21.0&#8243; custom_button=&#8221;on&#8221; button_text_size=&#8221;13px&#8221; button_text_color=&#8221;#ffffff&#8221; button_bg_color=&#8221;#8c8a35&#8243; button_border_width=&#8221;2px&#8221; button_border_color=&#8221;#8c8a35&#8243; button_border_radius=&#8221;0px&#8221; button_letter_spacing=&#8221;2px&#8221; button_font=&#8221;Karla|700||on|||||&#8221; background_layout=&#8221;dark&#8221; custom_padding=&#8221;10px||10px|&#8221; button_letter_spacing_hover=&#8221;2px&#8221; locked=&#8221;off&#8221; global_colors_info=&#8221;{}&#8221; button_text_size__hover_enabled=&#8221;off&#8221; button_one_text_size__hover_enabled=&#8221;off&#8221; button_two_text_size__hover_enabled=&#8221;off&#8221; button_text_color__hover_enabled=&#8221;off&#8221; button_one_text_color__hover_enabled=&#8221;off&#8221; button_two_text_color__hover_enabled=&#8221;off&#8221; button_border_width__hover_enabled=&#8221;off&#8221; button_one_border_width__hover_enabled=&#8221;off&#8221; button_two_border_width__hover_enabled=&#8221;off&#8221; button_border_color__hover_enabled=&#8221;off&#8221; button_one_border_color__hover_enabled=&#8221;off&#8221; button_two_border_color__hover_enabled=&#8221;off&#8221; button_border_radius__hover_enabled=&#8221;off&#8221; button_one_border_radius__hover_enabled=&#8221;off&#8221; button_two_border_radius__hover_enabled=&#8221;off&#8221; button_letter_spacing__hover_enabled=&#8221;on&#8221; button_letter_spacing__hover=&#8221;2px&#8221; button_one_letter_spacing__hover_enabled=&#8221;off&#8221; button_two_letter_spacing__hover_enabled=&#8221;off&#8221; button_bg_color__hover_enabled=&#8221;off&#8221; button_one_bg_color__hover_enabled=&#8221;off&#8221; button_two_bg_color__hover_enabled=&#8221;off&#8221;][\/et_pb_button][\/et_pb_column][et_pb_column type=&#8221;1_2&#8243; _builder_version=&#8221;4.24.0&#8243; background_color=&#8221;#121212&#8243; background_image=&#8221;https:\/\/constructionsema.ca\/wp-content\/uploads\/2025\/03\/2024-05-23-vue-arriere.png&#8221; custom_padding=&#8221;100px||100px|&#8221; custom_padding_tablet=&#8221;60px||60px|&#8221; custom_padding_phone=&#8221;60px||60px|&#8221; custom_padding_last_edited=&#8221;on|desktop&#8221; hover_enabled=&#8221;0&#8243; global_colors_info=&#8221;{}&#8221; padding_tablet=&#8221;60px||60px|&#8221; padding_last_edited=&#8221;on|desktop&#8221; custom_padding__hover=&#8221;|||&#8221; padding_phone=&#8221;60px||60px|&#8221; background_position=&#8221;center_left&#8221; sticky_enabled=&#8221;0&#8243;][et_pb_divider show_divider=&#8221;off&#8221; _builder_version=&#8221;4.16&#8243; height=&#8221;100px&#8221; global_colors_info=&#8221;{}&#8221;][\/et_pb_divider][\/et_pb_column][\/et_pb_row][\/et_pb_section][et_pb_section fb_built=&#8221;1&#8243; admin_label=&#8221;Services&#8221; _builder_version=&#8221;4.16&#8243; background_color=&#8221;#121212&#8243; custom_padding=&#8221;100px|0px|100px|0px&#8221; global_colors_info=&#8221;{}&#8221;][et_pb_row _builder_version=&#8221;4.16&#8243; custom_margin=&#8221;|||&#8221; custom_padding=&#8221;27px|0px|0|0px&#8221; border_color_all=&#8221;#1a1a1a&#8221; global_colors_info=&#8221;{}&#8221;][et_pb_column type=&#8221;4_4&#8243; _builder_version=&#8221;4.16&#8243; custom_padding=&#8221;|||&#8221; global_colors_info=&#8221;{}&#8221; custom_padding__hover=&#8221;|||&#8221;][et_pb_text _builder_version=&#8221;4.21.0&#8243; text_font=&#8221;||||||||&#8221; header_font=&#8221;||||||||&#8221; header_3_font=&#8221;Karla|700||on|||||&#8221; header_3_text_color=&#8221;gcid-ab07bb2b-c00e-407f-b645-ea5b096a9ee2&#8243; header_3_font_size=&#8221;16px&#8221; header_3_letter_spacing=&#8221;1px&#8221; background_layout=&#8221;dark&#8221; max_width=&#8221;600px&#8221; module_alignment=&#8221;left&#8221; custom_margin=&#8221;|||&#8221; locked=&#8221;off&#8221; global_colors_info=&#8221;{%22gcid-ab07bb2b-c00e-407f-b645-ea5b096a9ee2%22:%91%22header_3_text_color%22%93}&#8221;]<\/p>\n<h3>5 crit\u00e8res pris en compte lors de la phase de planification<\/h3>\n<p>[\/et_pb_text][\/et_pb_column][\/et_pb_row][et_pb_row column_structure=&#8221;1_2,1_2&#8243; _builder_version=&#8221;4.16&#8243; custom_margin=&#8221;|||&#8221; custom_padding=&#8221;|||&#8221; animation_style=&#8221;slide&#8221; animation_direction=&#8221;bottom&#8221; animation_intensity_slide=&#8221;6%&#8221; global_colors_info=&#8221;{}&#8221;][et_pb_column type=&#8221;1_2&#8243; _builder_version=&#8221;4.16&#8243; custom_padding=&#8221;|||&#8221; global_colors_info=&#8221;{}&#8221; custom_padding__hover=&#8221;|||&#8221;][et_pb_blurb title=&#8221;Emplacement &#8221; image=&#8221;http:\/\/constructionsema-ca.preview-domain.com\/wp-content\/uploads\/2023\/07\/recruitment.png&#8221; icon_placement=&#8221;left&#8221; image_icon_width=&#8221;76px&#8221; content_max_width=&#8221;100%&#8221; _builder_version=&#8221;4.21.0&#8243; header_font=&#8221;Cormorant Garamond||||||||&#8221; header_font_size=&#8221;32px&#8221; body_font=&#8221;Karla||||||||&#8221; body_text_color=&#8221;rgba(255,255,255,0.7)&#8221; body_font_size=&#8221;18px&#8221; body_line_height=&#8221;1.6em&#8221; background_layout=&#8221;dark&#8221; custom_margin=&#8221;60px|||&#8221; animation=&#8221;off&#8221; image_max_width=&#8221;76px&#8221; global_colors_info=&#8221;{%22gcid-ab07bb2b-c00e-407f-b645-ea5b096a9ee2%22:%91%22icon_color%22%93}&#8221;]<\/p>\n<p>N ous tenons compte de la proximit\u00e9 des commodit\u00e9s telles que les transports en commun, les \u00e9coles, les commerces et les services.<\/p>\n<p>[\/et_pb_blurb][\/et_pb_column][et_pb_column type=&#8221;1_2&#8243; _builder_version=&#8221;4.16&#8243; custom_padding=&#8221;|||&#8221; global_colors_info=&#8221;{}&#8221; custom_padding__hover=&#8221;|||&#8221;][et_pb_blurb title=&#8221;Demande locative &#8221; image=&#8221;http:\/\/constructionsema-ca.preview-domain.com\/wp-content\/uploads\/2023\/07\/rent.png&#8221; icon_placement=&#8221;left&#8221; image_icon_width=&#8221;76px&#8221; content_max_width=&#8221;100%&#8221; _builder_version=&#8221;4.21.0&#8243; header_font=&#8221;Cormorant Garamond||||||||&#8221; header_font_size=&#8221;32px&#8221; body_font=&#8221;Karla||||||||&#8221; body_text_color=&#8221;rgba(255,255,255,0.7)&#8221; body_font_size=&#8221;18px&#8221; body_line_height=&#8221;1.6em&#8221; background_layout=&#8221;dark&#8221; custom_margin=&#8221;60px|||&#8221; animation=&#8221;off&#8221; image_max_width=&#8221;76px&#8221; locked=&#8221;off&#8221; global_colors_info=&#8221;{%22gcid-ab07bb2b-c00e-407f-b645-ea5b096a9ee2%22:%91%22icon_color%22%93}&#8221;]<\/p>\n<p><span>Certains quartiers de la Ville de Gatineau souffrent d&#8217;une importante p\u00e9nurie de logements. Nos immeubles locatifs ont pour objectif de rem\u00e9dier \u00e0 cette situation en offrant des solutions de logement dans ces quartiers d\u00e9ficitaires.<\/span><\/p>\n<p>[\/et_pb_blurb][\/et_pb_column][\/et_pb_row][et_pb_row column_structure=&#8221;1_2,1_2&#8243; _builder_version=&#8221;4.21.0&#8243; custom_margin=&#8221;|||&#8221; custom_padding=&#8221;|||&#8221; animation_style=&#8221;slide&#8221; animation_direction=&#8221;bottom&#8221; animation_intensity_slide=&#8221;6%&#8221; global_colors_info=&#8221;{}&#8221;][et_pb_column type=&#8221;1_2&#8243; _builder_version=&#8221;4.16&#8243; custom_padding=&#8221;|||&#8221; global_colors_info=&#8221;{}&#8221; custom_padding__hover=&#8221;|||&#8221;][et_pb_blurb title=&#8221;Rentabilit\u00e9&#8221; image=&#8221;http:\/\/constructionsema-ca.preview-domain.com\/wp-content\/uploads\/2023\/07\/profit.png&#8221; icon_placement=&#8221;left&#8221; image_icon_width=&#8221;76px&#8221; content_max_width=&#8221;100%&#8221; _builder_version=&#8221;4.21.0&#8243; header_font=&#8221;Cormorant Garamond||||||||&#8221; header_font_size=&#8221;32px&#8221; body_font=&#8221;Karla||||||||&#8221; body_text_color=&#8221;rgba(255,255,255,0.7)&#8221; body_font_size=&#8221;18px&#8221; body_line_height=&#8221;1.6em&#8221; background_layout=&#8221;dark&#8221; custom_margin=&#8221;60px|||&#8221; animation=&#8221;off&#8221; image_max_width=&#8221;76px&#8221; locked=&#8221;off&#8221; global_colors_info=&#8221;{%22gcid-ab07bb2b-c00e-407f-b645-ea5b096a9ee2%22:%91%22icon_color%22%93}&#8221;]<\/p>\n<p>Nous faisons une analyse financi\u00e8re des co\u00fbts d&#8217;acquisition du terrain, des co\u00fbts de construction, des co\u00fbts de gestion et de maintenance, ainsi que des revenus locatifs estim\u00e9s.<\/p>\n<p>[\/et_pb_blurb][\/et_pb_column][et_pb_column type=&#8221;1_2&#8243; _builder_version=&#8221;4.16&#8243; custom_padding=&#8221;|||&#8221; global_colors_info=&#8221;{}&#8221; custom_padding__hover=&#8221;|||&#8221;][et_pb_blurb title=&#8221;Zonage et r\u00e9glementations &#8221; image=&#8221;http:\/\/constructionsema-ca.preview-domain.com\/wp-content\/uploads\/2023\/07\/regulation.png&#8221; icon_placement=&#8221;left&#8221; image_icon_width=&#8221;76px&#8221; content_max_width=&#8221;100%&#8221; _builder_version=&#8221;4.21.0&#8243; header_font=&#8221;Cormorant Garamond||||||||&#8221; header_font_size=&#8221;32px&#8221; body_font=&#8221;Karla||||||||&#8221; body_text_color=&#8221;rgba(255,255,255,0.7)&#8221; body_font_size=&#8221;18px&#8221; body_line_height=&#8221;1.6em&#8221; background_layout=&#8221;dark&#8221; custom_margin=&#8221;60px|||&#8221; animation=&#8221;off&#8221; image_max_width=&#8221;76px&#8221; locked=&#8221;off&#8221; global_colors_info=&#8221;{%22gcid-ab07bb2b-c00e-407f-b645-ea5b096a9ee2%22:%91%22icon_color%22%93}&#8221;]<\/p>\n<p>Le zonage du terrain est pris en compte pour la construction d&#8217;un immeuble locatif, ainsi que les r\u00e9glementations locales en mati\u00e8re de construction, d&#8217;urbanisme et d&#8217;utilisation des sols.<\/p>\n<p>[\/et_pb_blurb][\/et_pb_column][\/et_pb_row][et_pb_row column_structure=&#8221;1_2,1_2&#8243; _builder_version=&#8221;4.21.0&#8243; custom_margin=&#8221;|||&#8221; custom_padding=&#8221;|||&#8221; animation_style=&#8221;slide&#8221; animation_direction=&#8221;bottom&#8221; animation_intensity_slide=&#8221;6%&#8221; global_colors_info=&#8221;{}&#8221;][et_pb_column type=&#8221;1_2&#8243; _builder_version=&#8221;4.16&#8243; custom_padding=&#8221;|||&#8221; global_colors_info=&#8221;{}&#8221; custom_padding__hover=&#8221;|||&#8221;][et_pb_blurb title=&#8221;Caract\u00e9ristiques physiques du terrain &#8221; image=&#8221;http:\/\/constructionsema-ca.preview-domain.com\/wp-content\/uploads\/2023\/07\/plot.png&#8221; icon_placement=&#8221;left&#8221; image_icon_width=&#8221;76px&#8221; content_max_width=&#8221;100%&#8221; _builder_version=&#8221;4.21.0&#8243; header_font=&#8221;Cormorant Garamond||||||||&#8221; header_font_size=&#8221;32px&#8221; body_font=&#8221;Karla||||||||&#8221; body_text_color=&#8221;rgba(255,255,255,0.7)&#8221; body_font_size=&#8221;18px&#8221; body_line_height=&#8221;1.6em&#8221; background_layout=&#8221;dark&#8221; custom_margin=&#8221;60px|||&#8221; animation=&#8221;off&#8221; image_max_width=&#8221;76px&#8221; locked=&#8221;off&#8221; global_colors_info=&#8221;{%22gcid-ab07bb2b-c00e-407f-b645-ea5b096a9ee2%22:%91%22icon_color%22%93}&#8221;]<\/p>\n<p><span>Les caract\u00e9ristiques physiques telles que la topographie, la taille, la configuration et la viabilit\u00e9 du terrain doivent \u00eatre \u00e9valu\u00e9es. Certaines caract\u00e9ristiques peuvent faciliter ou entraver la construction et l&#8217;exploitation d&#8217;un immeuble locatif.<\/span><\/p>\n<p>[\/et_pb_blurb][\/et_pb_column][et_pb_column type=&#8221;1_2&#8243; _builder_version=&#8221;4.16&#8243; custom_padding=&#8221;|||&#8221; global_colors_info=&#8221;{}&#8221; custom_padding__hover=&#8221;|||&#8221;][et_pb_text _builder_version=&#8221;4.21.0&#8243; _module_preset=&#8221;default&#8221; header_font=&#8221;Cormorant Garamond||||||||&#8221; header_3_font=&#8221;Cormorant Garamond||||||||&#8221; header_3_text_align=&#8221;center&#8221; header_3_text_color=&#8221;#FFFFFF&#8221; header_3_font_size=&#8221;30px&#8221; custom_padding=&#8221;40px|||||&#8221; global_colors_info=&#8221;{%22gcid-ab07bb2b-c00e-407f-b645-ea5b096a9ee2%22:%91%22icon_color%22,%22icon_color%22,%22icon_color%22,%22icon_color%22%93}&#8221;]<\/p>\n<h3>Pour en savoir plus sur notre processus de planification, contactez-nous!<\/h3>\n<p>[\/et_pb_text][et_pb_button button_url=&#8221;http:\/\/constructionsema-ca.preview-domain.com\/contact\/&#8221; button_text=&#8221;Contactez-nous &#8221; button_alignment=&#8221;center&#8221; _builder_version=&#8221;4.21.0&#8243; _module_preset=&#8221;e9c9e1ca-253c-4961-9c00-121322f94192&#8243; button_letter_spacing_hover=&#8221;2px&#8221; locked=&#8221;off&#8221; global_colors_info=&#8221;{}&#8221; button_one_text_size__hover_enabled=&#8221;off&#8221; button_two_text_size__hover_enabled=&#8221;off&#8221; button_one_text_color__hover_enabled=&#8221;off&#8221; button_two_text_color__hover_enabled=&#8221;off&#8221; button_one_border_width__hover_enabled=&#8221;off&#8221; button_two_border_width__hover_enabled=&#8221;off&#8221; button_one_border_color__hover_enabled=&#8221;off&#8221; button_two_border_color__hover_enabled=&#8221;off&#8221; button_one_border_radius__hover_enabled=&#8221;off&#8221; button_two_border_radius__hover_enabled=&#8221;off&#8221; button_one_letter_spacing__hover_enabled=&#8221;off&#8221; button_two_letter_spacing__hover_enabled=&#8221;off&#8221; button_one_bg_color__hover_enabled=&#8221;off&#8221; button_two_bg_color__hover_enabled=&#8221;off&#8221;][\/et_pb_button][\/et_pb_column][\/et_pb_row][et_pb_row disabled_on=&#8221;on|on|on&#8221; _builder_version=&#8221;4.21.0&#8243; _module_preset=&#8221;default&#8221; custom_padding=&#8221;75px|||||&#8221; disabled=&#8221;on&#8221; global_colors_info=&#8221;{}&#8221;][et_pb_column type=&#8221;4_4&#8243; _builder_version=&#8221;4.21.0&#8243; _module_preset=&#8221;default&#8221; global_colors_info=&#8221;{}&#8221;][\/et_pb_column][\/et_pb_row][\/et_pb_section]<\/p>\n","protected":false},"excerpt":{"rendered":"<p>Planification Nous planifions, nous agissons, nous construisons. L&#8217;un des aspects cl\u00e9s de notre service est de prendre en charge l&#8217;ensemble du processus de d\u00e9veloppement. La premi\u00e8re \u00e9tape de ce processus est la planification. \u00c0 ce moment, nous rep\u00e9rons les meilleurs terrains \u00e0 acheter pour construire nos immeubles locatifs. Le choix du terrain se fait en [&hellip;]<\/p>\n","protected":false},"author":1,"featured_media":0,"parent":0,"menu_order":0,"comment_status":"closed","ping_status":"closed","template":"","meta":{"_et_pb_use_builder":"on","_et_pb_old_content":"<!-- wp:divi\/placeholder \/-->","_et_gb_content_width":"","footnotes":""},"class_list":["post-118","page","type-page","status-publish","hentry"],"_links":{"self":[{"href":"https:\/\/constructionsema.ca\/fr\/wp-json\/wp\/v2\/pages\/118","targetHints":{"allow":["GET"]}}],"collection":[{"href":"https:\/\/constructionsema.ca\/fr\/wp-json\/wp\/v2\/pages"}],"about":[{"href":"https:\/\/constructionsema.ca\/fr\/wp-json\/wp\/v2\/types\/page"}],"author":[{"embeddable":true,"href":"https:\/\/constructionsema.ca\/fr\/wp-json\/wp\/v2\/users\/1"}],"replies":[{"embeddable":true,"href":"https:\/\/constructionsema.ca\/fr\/wp-json\/wp\/v2\/comments?post=118"}],"version-history":[{"count":19,"href":"https:\/\/constructionsema.ca\/fr\/wp-json\/wp\/v2\/pages\/118\/revisions"}],"predecessor-version":[{"id":1548,"href":"https:\/\/constructionsema.ca\/fr\/wp-json\/wp\/v2\/pages\/118\/revisions\/1548"}],"wp:attachment":[{"href":"https:\/\/constructionsema.ca\/fr\/wp-json\/wp\/v2\/media?parent=118"}],"curies":[{"name":"wp","href":"https:\/\/api.w.org\/{rel}","templated":true}]}}