{"id":120,"date":"2023-09-18T18:41:35","date_gmt":"2023-09-18T18:41:35","guid":{"rendered":"https:\/\/revieweasy.ca\/client\/sema\/?page_id=120"},"modified":"2024-01-26T16:34:42","modified_gmt":"2024-01-26T16:34:42","slug":"construction","status":"publish","type":"page","link":"https:\/\/constructionsema.ca\/fr\/construction\/","title":{"rendered":"Construction"},"content":{"rendered":"<p>[et_pb_section fb_built=&#8221;1&#8243; admin_label=&#8221;Hero Section&#8221; _builder_version=&#8221;4.16&#8243; custom_padding=&#8221;0|0px|0px|0px&#8221; global_colors_info=&#8221;{}&#8221;][et_pb_row column_structure=&#8221;1_2,1_2&#8243; use_custom_gutter=&#8221;on&#8221; gutter_width=&#8221;1&#8243; make_equal=&#8221;on&#8221; _builder_version=&#8221;4.22.0&#8243; width=&#8221;100%&#8221; max_width=&#8221;100%&#8221; custom_padding=&#8221;0px|0|0px|&#8221; hover_enabled=&#8221;0&#8243; use_custom_width=&#8221;on&#8221; width_unit=&#8221;off&#8221; custom_width_percent=&#8221;100%&#8221; global_colors_info=&#8221;{}&#8221; sticky_enabled=&#8221;0&#8243;][et_pb_column type=&#8221;1_2&#8243; _builder_version=&#8221;4.16&#8243; custom_padding=&#8221;200px|4%|200px|8%&#8221; custom_padding_tablet=&#8221;60px|10%|60px|10%&#8221; custom_padding_phone=&#8221;60px|10%|60px|10%&#8221; custom_padding_last_edited=&#8221;on|tablet&#8221; global_colors_info=&#8221;{}&#8221; padding_tablet=&#8221;60px|10%|60px|10%&#8221; padding_last_edited=&#8221;on|tablet&#8221; custom_padding__hover=&#8221;|||&#8221; padding_phone=&#8221;60px|10%|60px|10%&#8221;][et_pb_text _builder_version=&#8221;4.21.0&#8243; text_font=&#8221;||||||||&#8221; header_font=&#8221;||||||||&#8221; header_3_font=&#8221;Karla|700||on|||||&#8221; header_3_text_color=&#8221;gcid-ab07bb2b-c00e-407f-b645-ea5b096a9ee2&#8243; header_3_font_size=&#8221;16px&#8221; header_3_letter_spacing=&#8221;1px&#8221; background_layout=&#8221;dark&#8221; max_width=&#8221;600px&#8221; module_alignment=&#8221;left&#8221; custom_margin=&#8221;||20px|&#8221; locked=&#8221;off&#8221; global_colors_info=&#8221;{%22gcid-ab07bb2b-c00e-407f-b645-ea5b096a9ee2%22:%91%22header_3_text_color%22%93}&#8221;]<\/p>\n<h3>Construction<\/h3>\n<p>[\/et_pb_text][et_pb_text _builder_version=&#8221;4.21.0&#8243; text_font=&#8221;Karla||||||||&#8221; text_font_size=&#8221;18px&#8221; text_line_height=&#8221;1.8em&#8221; header_font=&#8221;Cormorant Garamond||||||||&#8221; header_font_size=&#8221;56px&#8221; header_line_height=&#8221;1.4em&#8221; max_width=&#8221;800px&#8221; header_font_size_tablet=&#8221;40px&#8221; header_font_size_phone=&#8221;&#8221; header_font_size_last_edited=&#8221;on|tablet&#8221; locked=&#8221;off&#8221; global_colors_info=&#8221;{}&#8221;]<\/p>\n<h1>Votre partenaire de confiance pour des r\u00e9sultats d&#8217;exception<\/h1>\n<p>Le d\u00e9but de la construction est une phase critique o\u00f9 la qualit\u00e9 et la pr\u00e9cision sont primordiales. C&#8217;est pourquoi nous nous assurons de travailler avec des professionnels accr\u00e9dit\u00e9s pour chaque corps de m\u00e9tiers dans le domaine de la construction.<\/p>\n<p>[\/et_pb_text][et_pb_button button_url=&#8221;http:\/\/constructionsema.ca\/contact\/&#8221; button_text=&#8221;Contactez-nous&#8221; _builder_version=&#8221;4.21.0&#8243; custom_button=&#8221;on&#8221; button_text_size=&#8221;13px&#8221; button_text_color=&#8221;#ffffff&#8221; button_bg_color=&#8221;#8c8a35&#8243; button_border_width=&#8221;2px&#8221; button_border_color=&#8221;#8c8a35&#8243; button_border_radius=&#8221;0px&#8221; button_letter_spacing=&#8221;2px&#8221; button_font=&#8221;Karla|700||on|||||&#8221; background_layout=&#8221;dark&#8221; custom_padding=&#8221;10px||10px|&#8221; button_letter_spacing_hover=&#8221;2px&#8221; locked=&#8221;off&#8221; global_colors_info=&#8221;{}&#8221; button_text_size__hover_enabled=&#8221;off&#8221; button_one_text_size__hover_enabled=&#8221;off&#8221; button_two_text_size__hover_enabled=&#8221;off&#8221; button_text_color__hover_enabled=&#8221;off&#8221; button_one_text_color__hover_enabled=&#8221;off&#8221; button_two_text_color__hover_enabled=&#8221;off&#8221; button_border_width__hover_enabled=&#8221;off&#8221; button_one_border_width__hover_enabled=&#8221;off&#8221; button_two_border_width__hover_enabled=&#8221;off&#8221; button_border_color__hover_enabled=&#8221;off&#8221; button_one_border_color__hover_enabled=&#8221;off&#8221; button_two_border_color__hover_enabled=&#8221;off&#8221; button_border_radius__hover_enabled=&#8221;off&#8221; button_one_border_radius__hover_enabled=&#8221;off&#8221; button_two_border_radius__hover_enabled=&#8221;off&#8221; button_letter_spacing__hover_enabled=&#8221;on&#8221; button_letter_spacing__hover=&#8221;2px&#8221; button_one_letter_spacing__hover_enabled=&#8221;off&#8221; button_two_letter_spacing__hover_enabled=&#8221;off&#8221; button_bg_color__hover_enabled=&#8221;off&#8221; button_one_bg_color__hover_enabled=&#8221;off&#8221; button_two_bg_color__hover_enabled=&#8221;off&#8221;][\/et_pb_button][\/et_pb_column][et_pb_column type=&#8221;1_2&#8243; _builder_version=&#8221;4.22.0&#8243; background_color=&#8221;#121212&#8243; background_image=&#8221;http:\/\/constructionsema.ca\/wp-content\/uploads\/2023\/11\/5.jpg&#8221; custom_padding=&#8221;100px||100px|&#8221; custom_padding_tablet=&#8221;60px||60px|&#8221; custom_padding_phone=&#8221;60px||60px|&#8221; custom_padding_last_edited=&#8221;on|desktop&#8221; hover_enabled=&#8221;0&#8243; global_colors_info=&#8221;{}&#8221; padding_tablet=&#8221;60px||60px|&#8221; padding_last_edited=&#8221;on|desktop&#8221; custom_padding__hover=&#8221;|||&#8221; padding_phone=&#8221;60px||60px|&#8221; title_text=&#8221;5&#8243; sticky_enabled=&#8221;0&#8243;][et_pb_divider show_divider=&#8221;off&#8221; _builder_version=&#8221;4.16&#8243; height=&#8221;100px&#8221; global_colors_info=&#8221;{}&#8221;][\/et_pb_divider][\/et_pb_column][\/et_pb_row][\/et_pb_section][et_pb_section fb_built=&#8221;1&#8243; admin_label=&#8221;Services&#8221; _builder_version=&#8221;4.16&#8243; background_color=&#8221;#121212&#8243; custom_padding=&#8221;100px|0px|100px|0px&#8221; global_colors_info=&#8221;{}&#8221;][et_pb_row _builder_version=&#8221;4.16&#8243; custom_margin=&#8221;|||&#8221; custom_padding=&#8221;27px|0px|0|0px&#8221; border_color_all=&#8221;#1a1a1a&#8221; global_colors_info=&#8221;{}&#8221;][et_pb_column type=&#8221;4_4&#8243; _builder_version=&#8221;4.16&#8243; custom_padding=&#8221;|||&#8221; global_colors_info=&#8221;{}&#8221; custom_padding__hover=&#8221;|||&#8221;][et_pb_text _builder_version=&#8221;4.21.0&#8243; text_font=&#8221;||||||||&#8221; header_font=&#8221;||||||||&#8221; header_3_font=&#8221;Karla|700||on|||||&#8221; header_3_text_color=&#8221;gcid-ab07bb2b-c00e-407f-b645-ea5b096a9ee2&#8243; header_3_font_size=&#8221;16px&#8221; header_3_letter_spacing=&#8221;1px&#8221; background_layout=&#8221;dark&#8221; max_width=&#8221;600px&#8221; module_alignment=&#8221;left&#8221; custom_margin=&#8221;|||&#8221; locked=&#8221;off&#8221; global_colors_info=&#8221;{%22gcid-ab07bb2b-c00e-407f-b645-ea5b096a9ee2%22:%91%22header_3_text_color%22%93}&#8221;]<\/p>\n<h3>SEMA Construction c\u2019est:<\/h3>\n<p>[\/et_pb_text][\/et_pb_column][\/et_pb_row][et_pb_row column_structure=&#8221;1_2,1_2&#8243; _builder_version=&#8221;4.16&#8243; custom_margin=&#8221;|||&#8221; custom_padding=&#8221;|||&#8221; animation_style=&#8221;slide&#8221; animation_direction=&#8221;bottom&#8221; animation_intensity_slide=&#8221;6%&#8221; global_colors_info=&#8221;{}&#8221;][et_pb_column type=&#8221;1_2&#8243; _builder_version=&#8221;4.16&#8243; custom_padding=&#8221;|||&#8221; global_colors_info=&#8221;{}&#8221; custom_padding__hover=&#8221;|||&#8221;][et_pb_blurb title=&#8221;Expertise technique&#8221; image=&#8221;http:\/\/constructionsema-ca.preview-domain.com\/wp-content\/uploads\/2023\/07\/experience.png&#8221; icon_placement=&#8221;left&#8221; image_icon_width=&#8221;76px&#8221; content_max_width=&#8221;100%&#8221; _builder_version=&#8221;4.22.0&#8243; header_font=&#8221;Cormorant Garamond||||||||&#8221; header_font_size=&#8221;32px&#8221; body_font=&#8221;Karla||||||||&#8221; body_text_color=&#8221;rgba(255,255,255,0.7)&#8221; body_font_size=&#8221;18px&#8221; body_line_height=&#8221;1.6em&#8221; background_layout=&#8221;dark&#8221; custom_margin=&#8221;60px|||&#8221; animation=&#8221;off&#8221; image_max_width=&#8221;76px&#8221; global_colors_info=&#8221;{%22gcid-ab07bb2b-c00e-407f-b645-ea5b096a9ee2%22:%91%22icon_color%22%93}&#8221;]<\/p>\n<p>Nous poss\u00e9dons une solide expertise technique dans le domaine de la construction. Nous comprenons les normes de construction, les codes du b\u00e2timent et les techniques de construction.<\/p>\n<p>[\/et_pb_blurb][\/et_pb_column][et_pb_column type=&#8221;1_2&#8243; _builder_version=&#8221;4.16&#8243; custom_padding=&#8221;|||&#8221; global_colors_info=&#8221;{}&#8221; custom_padding__hover=&#8221;|||&#8221;][et_pb_blurb title=&#8221;Gestion de projet&#8221; image=&#8221;http:\/\/constructionsema-ca.preview-domain.com\/wp-content\/uploads\/2023\/07\/security.png&#8221; icon_placement=&#8221;left&#8221; image_icon_width=&#8221;76px&#8221; content_max_width=&#8221;100%&#8221; _builder_version=&#8221;4.21.0&#8243; header_font=&#8221;Cormorant Garamond||||||||&#8221; header_font_size=&#8221;32px&#8221; body_font=&#8221;Karla||||||||&#8221; body_text_color=&#8221;rgba(255,255,255,0.7)&#8221; body_font_size=&#8221;18px&#8221; body_line_height=&#8221;1.6em&#8221; background_layout=&#8221;dark&#8221; custom_margin=&#8221;60px|||&#8221; animation=&#8221;off&#8221; image_max_width=&#8221;76px&#8221; locked=&#8221;off&#8221; global_colors_info=&#8221;{%22gcid-ab07bb2b-c00e-407f-b645-ea5b096a9ee2%22:%91%22icon_color%22%93}&#8221;]<\/p>\n<p>Nous excellons dans la planification, l&#8217;organisation et la coordination des diff\u00e9rentes \u00e9tapes de la construction, en respectant les d\u00e9lais et le budget allou\u00e9.<\/p>\n<p>[\/et_pb_blurb][\/et_pb_column][\/et_pb_row][et_pb_row column_structure=&#8221;1_2,1_2&#8243; _builder_version=&#8221;4.21.0&#8243; custom_margin=&#8221;|||&#8221; custom_padding=&#8221;|||&#8221; animation_style=&#8221;slide&#8221; animation_direction=&#8221;bottom&#8221; animation_intensity_slide=&#8221;6%&#8221; global_colors_info=&#8221;{}&#8221;][et_pb_column type=&#8221;1_2&#8243; _builder_version=&#8221;4.16&#8243; custom_padding=&#8221;|||&#8221; global_colors_info=&#8221;{}&#8221; custom_padding__hover=&#8221;|||&#8221;][et_pb_blurb title=&#8221;Leadership et communication&#8221; image=&#8221;http:\/\/constructionsema-ca.preview-domain.com\/wp-content\/uploads\/2023\/07\/speech-bubble.png&#8221; icon_placement=&#8221;left&#8221; image_icon_width=&#8221;76px&#8221; content_max_width=&#8221;100%&#8221; _builder_version=&#8221;4.21.0&#8243; header_font=&#8221;Cormorant Garamond||||||||&#8221; header_font_size=&#8221;32px&#8221; body_font=&#8221;Karla||||||||&#8221; body_text_color=&#8221;rgba(255,255,255,0.7)&#8221; body_font_size=&#8221;18px&#8221; body_line_height=&#8221;1.6em&#8221; background_layout=&#8221;dark&#8221; custom_margin=&#8221;60px|||&#8221; animation=&#8221;off&#8221; image_max_width=&#8221;76px&#8221; locked=&#8221;off&#8221; global_colors_info=&#8221;{%22gcid-ab07bb2b-c00e-407f-b645-ea5b096a9ee2%22:%91%22icon_color%22%93}&#8221;]<\/p>\n<p>Nous veillons \u00e0 \u00e9tablir une communication efficace avec les architectes, les ing\u00e9nieurs, les sous-traitants et les travailleurs sur le chantier. Nous comprenons l&#8217;importance d&#8217;une communication claire et transparente pour assurer la r\u00e9ussite du projet dans son ensemble.<\/p>\n<p>[\/et_pb_blurb][\/et_pb_column][et_pb_column type=&#8221;1_2&#8243; _builder_version=&#8221;4.16&#8243; custom_padding=&#8221;|||&#8221; global_colors_info=&#8221;{}&#8221; custom_padding__hover=&#8221;|||&#8221;][et_pb_blurb title=&#8221;Sensibilit\u00e9 aux besoins des investisseurs&#8221; image=&#8221;http:\/\/constructionsema-ca.preview-domain.com\/wp-content\/uploads\/2023\/07\/hand-shake.png&#8221; icon_placement=&#8221;left&#8221; image_icon_width=&#8221;76px&#8221; content_max_width=&#8221;100%&#8221; _builder_version=&#8221;4.21.0&#8243; header_font=&#8221;Cormorant Garamond||||||||&#8221; header_font_size=&#8221;32px&#8221; body_font=&#8221;Karla||||||||&#8221; body_text_color=&#8221;rgba(255,255,255,0.7)&#8221; body_font_size=&#8221;18px&#8221; body_line_height=&#8221;1.6em&#8221; background_layout=&#8221;dark&#8221; custom_margin=&#8221;60px|||&#8221; animation=&#8221;off&#8221; image_max_width=&#8221;76px&#8221; locked=&#8221;off&#8221; global_colors_info=&#8221;{%22gcid-ab07bb2b-c00e-407f-b645-ea5b096a9ee2%22:%91%22icon_color%22%93}&#8221;]<\/p>\n<p>Nous sommes conscients des besoins et des attentes des futurs locataires de l&#8217;immeuble. C\u2019est pourquoi nous concevons des espaces de vie fonctionnels, confortables et attrayants, assurant ainsi aux investisseurs la rentabilit\u00e9 de leur investissement.<\/p>\n<p>[\/et_pb_blurb][\/et_pb_column][\/et_pb_row][et_pb_row column_structure=&#8221;1_2,1_2&#8243; _builder_version=&#8221;4.21.0&#8243; custom_margin=&#8221;|||&#8221; custom_padding=&#8221;|||&#8221; animation_style=&#8221;slide&#8221; animation_direction=&#8221;bottom&#8221; animation_intensity_slide=&#8221;6%&#8221; global_colors_info=&#8221;{}&#8221;][et_pb_column type=&#8221;1_2&#8243; _builder_version=&#8221;4.16&#8243; custom_padding=&#8221;|||&#8221; global_colors_info=&#8221;{}&#8221; custom_padding__hover=&#8221;|||&#8221;][et_pb_blurb title=&#8221;Gestion des co\u00fbts &#8221; image=&#8221;http:\/\/constructionsema-ca.preview-domain.com\/wp-content\/uploads\/2023\/07\/project-management.png&#8221; icon_placement=&#8221;left&#8221; image_icon_width=&#8221;76px&#8221; content_max_width=&#8221;100%&#8221; _builder_version=&#8221;4.21.0&#8243; header_font=&#8221;Cormorant Garamond||||||||&#8221; header_font_size=&#8221;32px&#8221; body_font=&#8221;Karla||||||||&#8221; body_text_color=&#8221;rgba(255,255,255,0.7)&#8221; body_font_size=&#8221;18px&#8221; body_line_height=&#8221;1.6em&#8221; background_layout=&#8221;dark&#8221; custom_margin=&#8221;60px|||&#8221; animation=&#8221;off&#8221; image_max_width=&#8221;76px&#8221; locked=&#8221;off&#8221; global_colors_info=&#8221;{%22gcid-ab07bb2b-c00e-407f-b645-ea5b096a9ee2%22:%91%22icon_color%22%93}&#8221;]<\/p>\n<p>Nous faisons une analyse financi\u00e8re des co\u00fbts d&#8217;acquisition du terrain, des co\u00fbts de construction, des co\u00fbts de gestion et de maintenance, ainsi que des revenus locatifs estim\u00e9s.<\/p>\n<p>[\/et_pb_blurb][\/et_pb_column][et_pb_column type=&#8221;1_2&#8243; _builder_version=&#8221;4.16&#8243; custom_padding=&#8221;|||&#8221; global_colors_info=&#8221;{}&#8221; custom_padding__hover=&#8221;|||&#8221;][et_pb_text _builder_version=&#8221;4.21.0&#8243; _module_preset=&#8221;default&#8221; header_font=&#8221;Cormorant Garamond||||||||&#8221; header_3_font=&#8221;Cormorant Garamond||||||||&#8221; header_3_text_align=&#8221;center&#8221; header_3_text_color=&#8221;#FFFFFF&#8221; header_3_font_size=&#8221;30px&#8221; custom_padding=&#8221;29px|||||&#8221; global_colors_info=&#8221;{%22gcid-ab07bb2b-c00e-407f-b645-ea5b096a9ee2%22:%91%22icon_color%22,%22icon_color%22,%22icon_color%22,%22icon_color%22%93}&#8221;]<\/p>\n<h3>Vous d\u00e9sirez investir dans un immeuble locatif, nous sommes l\u00e0 pour vous.<\/h3>\n<p>[\/et_pb_text][et_pb_button button_url=&#8221;http:\/\/constructionsema-ca.preview-domain.com\/contact\/&#8221; button_text=&#8221;Contactez-nous &#8221; button_alignment=&#8221;center&#8221; _builder_version=&#8221;4.21.0&#8243; _module_preset=&#8221;e9c9e1ca-253c-4961-9c00-121322f94192&#8243; button_letter_spacing_hover=&#8221;2px&#8221; locked=&#8221;off&#8221; global_colors_info=&#8221;{}&#8221; button_one_text_size__hover_enabled=&#8221;off&#8221; button_two_text_size__hover_enabled=&#8221;off&#8221; button_one_text_color__hover_enabled=&#8221;off&#8221; button_two_text_color__hover_enabled=&#8221;off&#8221; button_one_border_width__hover_enabled=&#8221;off&#8221; button_two_border_width__hover_enabled=&#8221;off&#8221; button_one_border_color__hover_enabled=&#8221;off&#8221; button_two_border_color__hover_enabled=&#8221;off&#8221; button_one_border_radius__hover_enabled=&#8221;off&#8221; button_two_border_radius__hover_enabled=&#8221;off&#8221; button_one_letter_spacing__hover_enabled=&#8221;off&#8221; button_two_letter_spacing__hover_enabled=&#8221;off&#8221; button_one_bg_color__hover_enabled=&#8221;off&#8221; button_two_bg_color__hover_enabled=&#8221;off&#8221;][\/et_pb_button][\/et_pb_column][\/et_pb_row][et_pb_row disabled_on=&#8221;on|on|on&#8221; _builder_version=&#8221;4.21.0&#8243; _module_preset=&#8221;default&#8221; custom_padding=&#8221;75px|||||&#8221; disabled=&#8221;on&#8221; locked=&#8221;off&#8221; global_colors_info=&#8221;{}&#8221;][et_pb_column type=&#8221;4_4&#8243; _builder_version=&#8221;4.21.0&#8243; _module_preset=&#8221;default&#8221; global_colors_info=&#8221;{}&#8221;][\/et_pb_column][\/et_pb_row][\/et_pb_section]<\/p>\n","protected":false},"excerpt":{"rendered":"<p>ConstructionVotre partenaire de confiance pour des r\u00e9sultats d&#8217;exception Le d\u00e9but de la construction est une phase critique o\u00f9 la qualit\u00e9 et la pr\u00e9cision sont primordiales. C&#8217;est pourquoi nous nous assurons de travailler avec des professionnels accr\u00e9dit\u00e9s pour chaque corps de m\u00e9tiers dans le domaine de la construction.SEMA Construction c\u2019est:Nous poss\u00e9dons une solide expertise technique dans [&hellip;]<\/p>\n","protected":false},"author":1,"featured_media":0,"parent":0,"menu_order":0,"comment_status":"closed","ping_status":"closed","template":"","meta":{"_et_pb_use_builder":"on","_et_pb_old_content":"<!-- wp:divi\/placeholder \/-->","_et_gb_content_width":"","footnotes":""},"class_list":["post-120","page","type-page","status-publish","hentry"],"_links":{"self":[{"href":"https:\/\/constructionsema.ca\/fr\/wp-json\/wp\/v2\/pages\/120","targetHints":{"allow":["GET"]}}],"collection":[{"href":"https:\/\/constructionsema.ca\/fr\/wp-json\/wp\/v2\/pages"}],"about":[{"href":"https:\/\/constructionsema.ca\/fr\/wp-json\/wp\/v2\/types\/page"}],"author":[{"embeddable":true,"href":"https:\/\/constructionsema.ca\/fr\/wp-json\/wp\/v2\/users\/1"}],"replies":[{"embeddable":true,"href":"https:\/\/constructionsema.ca\/fr\/wp-json\/wp\/v2\/comments?post=120"}],"version-history":[{"count":23,"href":"https:\/\/constructionsema.ca\/fr\/wp-json\/wp\/v2\/pages\/120\/revisions"}],"predecessor-version":[{"id":1318,"href":"https:\/\/constructionsema.ca\/fr\/wp-json\/wp\/v2\/pages\/120\/revisions\/1318"}],"wp:attachment":[{"href":"https:\/\/constructionsema.ca\/fr\/wp-json\/wp\/v2\/media?parent=120"}],"curies":[{"name":"wp","href":"https:\/\/api.w.org\/{rel}","templated":true}]}}