{"id":124,"date":"2023-09-19T20:13:52","date_gmt":"2023-09-19T20:13:52","guid":{"rendered":"https:\/\/revieweasy.ca\/client\/sema\/?page_id=124"},"modified":"2024-01-23T15:58:16","modified_gmt":"2024-01-23T15:58:16","slug":"investisseurs","status":"publish","type":"page","link":"https:\/\/constructionsema.ca\/fr\/investisseurs\/","title":{"rendered":"Investisseurs"},"content":{"rendered":"<p>[et_pb_section fb_built=&#8221;1&#8243; admin_label=&#8221;Hero Section&#8221; _builder_version=&#8221;4.16&#8243; custom_padding=&#8221;0|0px|0px|0px&#8221; global_colors_info=&#8221;{}&#8221;][et_pb_row column_structure=&#8221;1_2,1_2&#8243; use_custom_gutter=&#8221;on&#8221; gutter_width=&#8221;1&#8243; make_equal=&#8221;on&#8221; _builder_version=&#8221;4.22.0&#8243; width=&#8221;100%&#8221; max_width=&#8221;100%&#8221; custom_padding=&#8221;0px|0|0px|&#8221; hover_enabled=&#8221;0&#8243; use_custom_width=&#8221;on&#8221; width_unit=&#8221;off&#8221; custom_width_percent=&#8221;100%&#8221; global_colors_info=&#8221;{}&#8221; sticky_enabled=&#8221;0&#8243;][et_pb_column type=&#8221;1_2&#8243; _builder_version=&#8221;4.16&#8243; custom_padding=&#8221;200px|4%|200px|8%&#8221; custom_padding_tablet=&#8221;60px|10%|60px|10%&#8221; custom_padding_phone=&#8221;60px|10%|60px|10%&#8221; custom_padding_last_edited=&#8221;on|tablet&#8221; global_colors_info=&#8221;{}&#8221; padding_tablet=&#8221;60px|10%|60px|10%&#8221; padding_last_edited=&#8221;on|tablet&#8221; custom_padding__hover=&#8221;|||&#8221; padding_phone=&#8221;60px|10%|60px|10%&#8221;][et_pb_text _builder_version=&#8221;4.21.0&#8243; text_font=&#8221;||||||||&#8221; header_font=&#8221;||||||||&#8221; header_3_font=&#8221;Karla|700||on|||||&#8221; header_3_text_color=&#8221;gcid-ab07bb2b-c00e-407f-b645-ea5b096a9ee2&#8243; header_3_font_size=&#8221;16px&#8221; header_3_letter_spacing=&#8221;1px&#8221; background_layout=&#8221;dark&#8221; max_width=&#8221;600px&#8221; module_alignment=&#8221;left&#8221; custom_margin=&#8221;||20px|&#8221; locked=&#8221;off&#8221; global_colors_info=&#8221;{%22gcid-ab07bb2b-c00e-407f-b645-ea5b096a9ee2%22:%91%22header_3_text_color%22%93}&#8221;]<\/p>\n<h3>Investisseurs<\/h3>\n<p><quillbot-extension-portal><\/quillbot-extension-portal><\/p>\n<p>[\/et_pb_text][et_pb_text _builder_version=&#8221;4.21.0&#8243; text_font=&#8221;Karla||||||||&#8221; text_font_size=&#8221;18px&#8221; text_line_height=&#8221;1.8em&#8221; header_font=&#8221;Cormorant Garamond||||||||&#8221; header_font_size=&#8221;56px&#8221; header_line_height=&#8221;1.4em&#8221; max_width=&#8221;800px&#8221; header_font_size_tablet=&#8221;40px&#8221; header_font_size_phone=&#8221;&#8221; header_font_size_last_edited=&#8221;on|tablet&#8221; locked=&#8221;off&#8221; global_colors_info=&#8221;{}&#8221;]<\/p>\n<h1>Votre r\u00e9ussite immobili\u00e8re \u00e0 Gatineau, Qu\u00e9bec!<\/h1>\n<p>SEMA Construction vous propose une opportunit\u00e9 d&#8217;investissement in\u00e9gal\u00e9e dans l&#8217;achat d&#8217;un immeuble locatif \u00e0 Gatineau, Qu\u00e9bec. Notre entreprise est r\u00e9put\u00e9e pour son expertise dans la construction d&#8217;immeubles locatifs durables. En choisissant de travailler avec nous, vous vous assurez d&#8217;investir dans des b\u00e2timents construits selon les normes les plus strictes, offrant des espaces modernes et fonctionnels. <\/p>\n<p>Le march\u00e9 immobilier du Qu\u00e9bec jouit d&#8217;une stabilit\u00e9 remarquable, ce qui en fait un choix judicieux pour votre premier investissement immobilier. \u00c0 Gatineau, la demande de logements est en constante augmentation, ce qui garantit un flux constant de locataires potentiels. <\/p>\n<p>Ne laissez pas passer cette occasion de faire \u00e9quipe avec SEMA Construction et de prosp\u00e9rer dans le secteur immobilier florissant de Gatineau.[\/et_pb_text][et_pb_button button_url=&#8221;http:\/\/constructionsema-ca.preview-domain.com\/contact\/&#8221; button_text=&#8221;Investissez avec nous &#8221; _builder_version=&#8221;4.22.0&#8243; _module_preset=&#8221;e9c9e1ca-253c-4961-9c00-121322f94192&#8243; button_letter_spacing_hover=&#8221;2px&#8221; locked=&#8221;off&#8221; global_colors_info=&#8221;{}&#8221; button_one_text_size__hover_enabled=&#8221;off&#8221; button_two_text_size__hover_enabled=&#8221;off&#8221; button_one_text_color__hover_enabled=&#8221;off&#8221; button_two_text_color__hover_enabled=&#8221;off&#8221; button_one_border_width__hover_enabled=&#8221;off&#8221; button_two_border_width__hover_enabled=&#8221;off&#8221; button_one_border_color__hover_enabled=&#8221;off&#8221; button_two_border_color__hover_enabled=&#8221;off&#8221; button_one_border_radius__hover_enabled=&#8221;off&#8221; button_two_border_radius__hover_enabled=&#8221;off&#8221; button_one_letter_spacing__hover_enabled=&#8221;off&#8221; button_two_letter_spacing__hover_enabled=&#8221;off&#8221; button_one_bg_color__hover_enabled=&#8221;off&#8221; button_two_bg_color__hover_enabled=&#8221;off&#8221;][\/et_pb_button][\/et_pb_column][et_pb_column type=&#8221;1_2&#8243; _builder_version=&#8221;4.22.0&#8243; background_color=&#8221;#121212&#8243; background_image=&#8221;http:\/\/constructionsema.ca\/wp-content\/uploads\/2023\/11\/8.jpg&#8221; custom_padding=&#8221;100px||100px|&#8221; custom_padding_tablet=&#8221;60px||60px|&#8221; custom_padding_phone=&#8221;60px||60px|&#8221; custom_padding_last_edited=&#8221;on|desktop&#8221; hover_enabled=&#8221;0&#8243; global_colors_info=&#8221;{}&#8221; padding_tablet=&#8221;60px||60px|&#8221; padding_last_edited=&#8221;on|desktop&#8221; custom_padding__hover=&#8221;|||&#8221; padding_phone=&#8221;60px||60px|&#8221; sticky_enabled=&#8221;0&#8243;][et_pb_divider show_divider=&#8221;off&#8221; _builder_version=&#8221;4.16&#8243; height=&#8221;100px&#8221; global_colors_info=&#8221;{}&#8221;][\/et_pb_divider][\/et_pb_column][\/et_pb_row][\/et_pb_section][et_pb_section fb_built=&#8221;1&#8243; admin_label=&#8221;Services&#8221; _builder_version=&#8221;4.16&#8243; background_color=&#8221;#121212&#8243; custom_padding=&#8221;100px|0px|100px|0px&#8221; global_colors_info=&#8221;{}&#8221;][et_pb_row _builder_version=&#8221;4.16&#8243; custom_margin=&#8221;|||&#8221; custom_padding=&#8221;27px|0px|0|0px&#8221; border_color_all=&#8221;#1a1a1a&#8221; global_colors_info=&#8221;{}&#8221;][et_pb_column type=&#8221;4_4&#8243; _builder_version=&#8221;4.16&#8243; custom_padding=&#8221;|||&#8221; global_colors_info=&#8221;{}&#8221; custom_padding__hover=&#8221;|||&#8221;][et_pb_text _builder_version=&#8221;4.21.0&#8243; text_font=&#8221;||||||||&#8221; header_font=&#8221;||||||||&#8221; header_3_font=&#8221;Karla|700||on|||||&#8221; header_3_text_color=&#8221;gcid-ab07bb2b-c00e-407f-b645-ea5b096a9ee2&#8243; header_3_font_size=&#8221;16px&#8221; header_3_letter_spacing=&#8221;1px&#8221; background_layout=&#8221;dark&#8221; max_width=&#8221;600px&#8221; module_alignment=&#8221;left&#8221; custom_margin=&#8221;|||&#8221; locked=&#8221;off&#8221; global_colors_info=&#8221;{%22gcid-ab07bb2b-c00e-407f-b645-ea5b096a9ee2%22:%91%22header_3_text_color%22%93}&#8221;]<\/p>\n<h3>5 raisons pour investir avec nous<\/h3>\n<p>[\/et_pb_text][\/et_pb_column][\/et_pb_row][et_pb_row column_structure=&#8221;1_2,1_2&#8243; _builder_version=&#8221;4.16&#8243; custom_margin=&#8221;|||&#8221; custom_padding=&#8221;|||&#8221; animation_style=&#8221;slide&#8221; animation_direction=&#8221;bottom&#8221; animation_intensity_slide=&#8221;6%&#8221; global_colors_info=&#8221;{}&#8221;][et_pb_column type=&#8221;1_2&#8243; _builder_version=&#8221;4.16&#8243; custom_padding=&#8221;|||&#8221; global_colors_info=&#8221;{}&#8221; custom_padding__hover=&#8221;|||&#8221;][et_pb_blurb title=&#8221;Transparence&#8221; image=&#8221;http:\/\/constructionsema-ca.preview-domain.com\/wp-content\/uploads\/2023\/07\/security.png&#8221; icon_placement=&#8221;left&#8221; image_icon_width=&#8221;76px&#8221; content_max_width=&#8221;100%&#8221; _builder_version=&#8221;4.22.0&#8243; header_font=&#8221;Cormorant Garamond||||||||&#8221; header_font_size=&#8221;32px&#8221; body_font=&#8221;Karla||||||||&#8221; body_text_color=&#8221;rgba(255,255,255,0.7)&#8221; body_font_size=&#8221;18px&#8221; body_line_height=&#8221;1.6em&#8221; background_layout=&#8221;dark&#8221; custom_margin=&#8221;60px|||&#8221; animation=&#8221;off&#8221; image_max_width=&#8221;76px&#8221; global_colors_info=&#8221;{%22gcid-ab07bb2b-c00e-407f-b645-ea5b096a9ee2%22:%91%22icon_color%22%93}&#8221;]<\/p>\n<p>Sema Construction se distingue par sa transparence dans toutes les phases du projet, en fournissant des informations claires sur les co\u00fbts, les d\u00e9lais et les processus de construction. Nous valorisons une communication ouverte avec nos investisseurs.<\/p>\n<p>[\/et_pb_blurb][\/et_pb_column][et_pb_column type=&#8221;1_2&#8243; _builder_version=&#8221;4.16&#8243; custom_padding=&#8221;|||&#8221; global_colors_info=&#8221;{}&#8221; custom_padding__hover=&#8221;|||&#8221;][et_pb_blurb title=&#8221;Respect des r\u00e9glementations &#8221; image=&#8221;http:\/\/constructionsema-ca.preview-domain.com\/wp-content\/uploads\/2023\/07\/regulation.png&#8221; icon_placement=&#8221;left&#8221; image_icon_width=&#8221;76px&#8221; content_max_width=&#8221;100%&#8221; _builder_version=&#8221;4.21.0&#8243; header_font=&#8221;Cormorant Garamond||||||||&#8221; header_font_size=&#8221;32px&#8221; body_font=&#8221;Karla||||||||&#8221; body_text_color=&#8221;rgba(255,255,255,0.7)&#8221; body_font_size=&#8221;18px&#8221; body_line_height=&#8221;1.6em&#8221; background_layout=&#8221;dark&#8221; custom_margin=&#8221;60px|||&#8221; animation=&#8221;off&#8221; image_max_width=&#8221;76px&#8221; locked=&#8221;off&#8221; global_colors_info=&#8221;{%22gcid-ab07bb2b-c00e-407f-b645-ea5b096a9ee2%22:%91%22icon_color%22%93}&#8221;]<\/p>\n<p><span>Nous respecterons toutes les r\u00e9glementations municipales et de l&#8217;industrie en mati\u00e8re de construction. Nous nous assurons que tous nos projets sont conformes aux normes de s\u00e9curit\u00e9, de qualit\u00e9 et d&#8217;\u00e9thique les plus \u00e9lev\u00e9es.<\/span><\/p>\n<p>[\/et_pb_blurb][\/et_pb_column][\/et_pb_row][et_pb_row column_structure=&#8221;1_2,1_2&#8243; _builder_version=&#8221;4.21.0&#8243; custom_margin=&#8221;|||&#8221; custom_padding=&#8221;|||&#8221; animation_style=&#8221;slide&#8221; animation_direction=&#8221;bottom&#8221; animation_intensity_slide=&#8221;6%&#8221; global_colors_info=&#8221;{}&#8221;][et_pb_column type=&#8221;1_2&#8243; _builder_version=&#8221;4.16&#8243; custom_padding=&#8221;|||&#8221; global_colors_info=&#8221;{}&#8221; custom_padding__hover=&#8221;|||&#8221;][et_pb_blurb title=&#8221;R\u00e9activit\u00e9 et disponibilit\u00e9 &#8221; image=&#8221;http:\/\/constructionsema-ca.preview-domain.com\/wp-content\/uploads\/2023\/07\/correct.png&#8221; icon_placement=&#8221;left&#8221; image_icon_width=&#8221;76px&#8221; content_max_width=&#8221;100%&#8221; _builder_version=&#8221;4.21.0&#8243; header_font=&#8221;Cormorant Garamond||||||||&#8221; header_font_size=&#8221;32px&#8221; body_font=&#8221;Karla||||||||&#8221; body_text_color=&#8221;rgba(255,255,255,0.7)&#8221; body_font_size=&#8221;18px&#8221; body_line_height=&#8221;1.6em&#8221; background_layout=&#8221;dark&#8221; custom_margin=&#8221;60px|||&#8221; animation=&#8221;off&#8221; image_max_width=&#8221;76px&#8221; locked=&#8221;off&#8221; global_colors_info=&#8221;{%22gcid-ab07bb2b-c00e-407f-b645-ea5b096a9ee2%22:%91%22icon_color%22%93}&#8221;]<\/p>\n<p>Nous sommes disponibles pour r\u00e9pondre aux pr\u00e9occupations et aux besoins de nos investisseurs. Nous nous engageons \u00e0 offrir un excellent service client et \u00e0 fournir des mises \u00e0 jour r\u00e9guli\u00e8res sur l&#8217;avancement des projets.<\/p>\n<p>[\/et_pb_blurb][\/et_pb_column][et_pb_column type=&#8221;1_2&#8243; _builder_version=&#8221;4.16&#8243; custom_padding=&#8221;|||&#8221; global_colors_info=&#8221;{}&#8221; custom_padding__hover=&#8221;|||&#8221;][et_pb_blurb title=&#8221;Rentabilit\u00e9 pour les investisseurs &#8221; image=&#8221;http:\/\/constructionsema-ca.preview-domain.com\/wp-content\/uploads\/2023\/07\/hand-shake.png&#8221; icon_placement=&#8221;left&#8221; image_icon_width=&#8221;76px&#8221; content_max_width=&#8221;100%&#8221; _builder_version=&#8221;4.21.0&#8243; header_font=&#8221;Cormorant Garamond||||||||&#8221; header_font_size=&#8221;32px&#8221; body_font=&#8221;Karla||||||||&#8221; body_text_color=&#8221;rgba(255,255,255,0.7)&#8221; body_font_size=&#8221;18px&#8221; body_line_height=&#8221;1.6em&#8221; background_layout=&#8221;dark&#8221; custom_margin=&#8221;60px|||&#8221; animation=&#8221;off&#8221; image_max_width=&#8221;76px&#8221; locked=&#8221;off&#8221; global_colors_info=&#8221;{%22gcid-ab07bb2b-c00e-407f-b645-ea5b096a9ee2%22:%91%22icon_color%22%93}&#8221;]<\/p>\n<p>Nous mettons l\u2019accent sur la rentabilit\u00e9 des immeubles locatifs pour les investisseurs en r\u00e9alisant une analyse approfondie des co\u00fbts, des revenus potentiels et des tendances du march\u00e9.<\/p>\n<p>[\/et_pb_blurb][\/et_pb_column][\/et_pb_row][et_pb_row column_structure=&#8221;1_2,1_2&#8243; _builder_version=&#8221;4.21.0&#8243; custom_margin=&#8221;|||&#8221; custom_padding=&#8221;|||&#8221; animation_style=&#8221;slide&#8221; animation_direction=&#8221;bottom&#8221; animation_intensity_slide=&#8221;6%&#8221; global_colors_info=&#8221;{}&#8221;][et_pb_column type=&#8221;1_2&#8243; _builder_version=&#8221;4.16&#8243; custom_padding=&#8221;|||&#8221; global_colors_info=&#8221;{}&#8221; custom_padding__hover=&#8221;|||&#8221;][et_pb_blurb title=&#8221;Expertise combin\u00e9e en d\u00e9veloppement immobilier et construction &#8221; image=&#8221;http:\/\/constructionsema-ca.preview-domain.com\/wp-content\/uploads\/2023\/07\/contract.png&#8221; icon_placement=&#8221;left&#8221; image_icon_width=&#8221;76px&#8221; content_max_width=&#8221;100%&#8221; _builder_version=&#8221;4.21.0&#8243; header_font=&#8221;Cormorant Garamond||||||||&#8221; header_font_size=&#8221;32px&#8221; body_font=&#8221;Karla||||||||&#8221; body_text_color=&#8221;rgba(255,255,255,0.7)&#8221; body_font_size=&#8221;18px&#8221; body_line_height=&#8221;1.6em&#8221; background_layout=&#8221;dark&#8221; custom_margin=&#8221;60px|||&#8221; animation=&#8221;off&#8221; image_max_width=&#8221;76px&#8221; locked=&#8221;off&#8221; global_colors_info=&#8221;{%22gcid-ab07bb2b-c00e-407f-b645-ea5b096a9ee2%22:%91%22icon_color%22%93}&#8221;]<\/p>\n<p>Sema Construction allie l&#8217;expertise en d\u00e9veloppement immobilier \u00e0 celle de la construction d&#8217;immeubles locatifs. Cette combinaison permet une approche int\u00e9gr\u00e9e, optimisant la conception, la planification et l&#8217;ex\u00e9cution du projet pour offrir des solutions r\u00e9ussies.<\/p>\n<p>[\/et_pb_blurb][\/et_pb_column][et_pb_column type=&#8221;1_2&#8243; _builder_version=&#8221;4.16&#8243; custom_padding=&#8221;|||&#8221; global_colors_info=&#8221;{}&#8221; custom_padding__hover=&#8221;|||&#8221;][et_pb_button button_url=&#8221;http:\/\/constructionsema-ca.preview-domain.com\/contact\/&#8221; button_text=&#8221;Investissez avec nous &#8221; button_alignment=&#8221;center&#8221; disabled_on=&#8221;on|on|off&#8221; _builder_version=&#8221;4.21.0&#8243; _module_preset=&#8221;e9c9e1ca-253c-4961-9c00-121322f94192&#8243; custom_margin=&#8221;112px|||||&#8221; button_letter_spacing_hover=&#8221;2px&#8221; locked=&#8221;off&#8221; global_colors_info=&#8221;{}&#8221; button_one_text_size__hover_enabled=&#8221;off&#8221; button_two_text_size__hover_enabled=&#8221;off&#8221; button_one_text_color__hover_enabled=&#8221;off&#8221; button_two_text_color__hover_enabled=&#8221;off&#8221; button_one_border_width__hover_enabled=&#8221;off&#8221; button_two_border_width__hover_enabled=&#8221;off&#8221; button_one_border_color__hover_enabled=&#8221;off&#8221; button_two_border_color__hover_enabled=&#8221;off&#8221; button_one_border_radius__hover_enabled=&#8221;off&#8221; button_two_border_radius__hover_enabled=&#8221;off&#8221; button_one_letter_spacing__hover_enabled=&#8221;off&#8221; button_two_letter_spacing__hover_enabled=&#8221;off&#8221; button_one_bg_color__hover_enabled=&#8221;off&#8221; button_two_bg_color__hover_enabled=&#8221;off&#8221;][\/et_pb_button][et_pb_button button_url=&#8221;http:\/\/constructionsema-ca.preview-domain.com\/contact\/&#8221; button_text=&#8221;Investissez avec nous &#8221; button_alignment=&#8221;center&#8221; disabled_on=&#8221;off|off|on&#8221; _builder_version=&#8221;4.22.0&#8243; _module_preset=&#8221;e9c9e1ca-253c-4961-9c00-121322f94192&#8243; custom_margin=&#8221;||||false|false&#8221; button_letter_spacing_hover=&#8221;2px&#8221; locked=&#8221;off&#8221; global_colors_info=&#8221;{}&#8221; button_one_text_size__hover_enabled=&#8221;off&#8221; button_two_text_size__hover_enabled=&#8221;off&#8221; button_one_text_color__hover_enabled=&#8221;off&#8221; button_two_text_color__hover_enabled=&#8221;off&#8221; button_one_border_width__hover_enabled=&#8221;off&#8221; button_two_border_width__hover_enabled=&#8221;off&#8221; button_one_border_color__hover_enabled=&#8221;off&#8221; button_two_border_color__hover_enabled=&#8221;off&#8221; button_one_border_radius__hover_enabled=&#8221;off&#8221; button_two_border_radius__hover_enabled=&#8221;off&#8221; button_one_letter_spacing__hover_enabled=&#8221;off&#8221; button_two_letter_spacing__hover_enabled=&#8221;off&#8221; button_one_bg_color__hover_enabled=&#8221;off&#8221; button_two_bg_color__hover_enabled=&#8221;off&#8221;][\/et_pb_button][\/et_pb_column][\/et_pb_row][\/et_pb_section]<\/p>\n","protected":false},"excerpt":{"rendered":"<p>Investisseurs Votre r\u00e9ussite immobili\u00e8re \u00e0 Gatineau, Qu\u00e9bec! SEMA Construction vous propose une opportunit\u00e9 d&#8217;investissement in\u00e9gal\u00e9e dans l&#8217;achat d&#8217;un immeuble locatif \u00e0 Gatineau, Qu\u00e9bec. Notre entreprise est r\u00e9put\u00e9e pour son expertise dans la construction d&#8217;immeubles locatifs durables. En choisissant de travailler avec nous, vous vous assurez d&#8217;investir dans des b\u00e2timents construits selon les normes les plus [&hellip;]<\/p>\n","protected":false},"author":1,"featured_media":0,"parent":0,"menu_order":0,"comment_status":"closed","ping_status":"closed","template":"","meta":{"_et_pb_use_builder":"on","_et_pb_old_content":"<!-- wp:divi\/placeholder \/-->","_et_gb_content_width":"","footnotes":""},"class_list":["post-124","page","type-page","status-publish","hentry"],"_links":{"self":[{"href":"https:\/\/constructionsema.ca\/fr\/wp-json\/wp\/v2\/pages\/124","targetHints":{"allow":["GET"]}}],"collection":[{"href":"https:\/\/constructionsema.ca\/fr\/wp-json\/wp\/v2\/pages"}],"about":[{"href":"https:\/\/constructionsema.ca\/fr\/wp-json\/wp\/v2\/types\/page"}],"author":[{"embeddable":true,"href":"https:\/\/constructionsema.ca\/fr\/wp-json\/wp\/v2\/users\/1"}],"replies":[{"embeddable":true,"href":"https:\/\/constructionsema.ca\/fr\/wp-json\/wp\/v2\/comments?post=124"}],"version-history":[{"count":11,"href":"https:\/\/constructionsema.ca\/fr\/wp-json\/wp\/v2\/pages\/124\/revisions"}],"predecessor-version":[{"id":1307,"href":"https:\/\/constructionsema.ca\/fr\/wp-json\/wp\/v2\/pages\/124\/revisions\/1307"}],"wp:attachment":[{"href":"https:\/\/constructionsema.ca\/fr\/wp-json\/wp\/v2\/media?parent=124"}],"curies":[{"name":"wp","href":"https:\/\/api.w.org\/{rel}","templated":true}]}}