{"id":128,"date":"2023-07-20T12:16:24","date_gmt":"2023-07-20T12:16:24","guid":{"rendered":"https:\/\/revieweasy.ca\/client\/sema\/?page_id=128"},"modified":"2023-12-13T19:35:49","modified_gmt":"2023-12-13T19:35:49","slug":"contact","status":"publish","type":"page","link":"https:\/\/constructionsema.ca\/fr\/contact\/","title":{"rendered":"Contact"},"content":{"rendered":"<p>[et_pb_section fb_built=&#8221;1&#8243; admin_label=&#8221;Hero Section&#8221; _builder_version=&#8221;4.16&#8243; custom_padding=&#8221;0|0px|0px|0px&#8221; global_colors_info=&#8221;{}&#8221;][et_pb_row column_structure=&#8221;1_2,1_2&#8243; make_equal=&#8221;on&#8221; _builder_version=&#8221;4.22.0&#8243; width=&#8221;100%&#8221; max_width=&#8221;100%&#8221; custom_padding=&#8221;0px|0|0px|&#8221; use_custom_width=&#8221;on&#8221; width_unit=&#8221;off&#8221; custom_width_percent=&#8221;100%&#8221; global_colors_info=&#8221;{}&#8221;][et_pb_column type=&#8221;1_2&#8243; _builder_version=&#8221;4.21.0&#8243; custom_padding=&#8221;200px|5%|260px|8%|false|false&#8221; custom_padding_tablet=&#8221;80px|10%|80px|10%&#8221; custom_padding_phone=&#8221;80px|10%|80px|10%&#8221; custom_padding_last_edited=&#8221;on|tablet&#8221; global_colors_info=&#8221;{}&#8221; padding_tablet=&#8221;80px|10%|80px|10%&#8221; padding_last_edited=&#8221;on|tablet&#8221; custom_padding__hover=&#8221;|||&#8221; padding_phone=&#8221;80px|10%|80px|10%&#8221;][et_pb_text _builder_version=&#8221;4.21.0&#8243; text_font=&#8221;||||||||&#8221; header_font=&#8221;||||||||&#8221; header_3_font=&#8221;Karla|700||on|||||&#8221; header_3_text_color=&#8221;gcid-ab07bb2b-c00e-407f-b645-ea5b096a9ee2&#8243; header_3_font_size=&#8221;16px&#8221; header_3_letter_spacing=&#8221;1px&#8221; background_layout=&#8221;dark&#8221; max_width=&#8221;600px&#8221; module_alignment=&#8221;left&#8221; custom_margin=&#8221;||20px|&#8221; locked=&#8221;off&#8221; global_colors_info=&#8221;{%22gcid-ab07bb2b-c00e-407f-b645-ea5b096a9ee2%22:%91%22header_3_text_color%22%93}&#8221;]<\/p>\n<h3>Contactez-nous!<\/h3>\n<p><quillbot-extension-portal><\/quillbot-extension-portal><\/p>\n<p>[\/et_pb_text][et_pb_text _builder_version=&#8221;4.21.0&#8243; text_font=&#8221;Karla||||||||&#8221; text_font_size=&#8221;18px&#8221; text_line_height=&#8221;1.8em&#8221; header_font=&#8221;Cormorant Garamond||||||||&#8221; header_font_size=&#8221;56px&#8221; header_line_height=&#8221;1.4em&#8221; header_2_font=&#8221;||||||||&#8221; header_3_font=&#8221;||||||||&#8221; header_font_size_tablet=&#8221;40px&#8221; header_font_size_phone=&#8221;&#8221; header_font_size_last_edited=&#8221;on|tablet&#8221; locked=&#8221;off&#8221; global_colors_info=&#8221;{}&#8221;]<\/p>\n<h1>Avez-vous un projet en t\u00eate?<\/h1>\n<p>Pour en savoir plus sur nous ou pour toutes questions concernant un investissement, il nous fera plaisir de vous r\u00e9pondre. Merci<\/p>\n<p>[\/et_pb_text][et_pb_text _builder_version=&#8221;4.22.0&#8243; text_font=&#8221;Karla||||||||&#8221; text_text_color=&#8221;#000000&#8243; text_font_size=&#8221;18px&#8221; text_line_height=&#8221;1.8em&#8221; header_font=&#8221;||||||||&#8221; header_2_font=&#8221;||||||||&#8221; header_2_font_size=&#8221;40px&#8221; header_2_line_height=&#8221;1.4em&#8221; header_3_font=&#8221;Cormorant Garamond|600|||||||&#8221; header_3_text_color=&#8221;gcid-ab07bb2b-c00e-407f-b645-ea5b096a9ee2&#8243; header_3_font_size=&#8221;33px&#8221; header_3_line_height=&#8221;1.4em&#8221; background_layout=&#8221;dark&#8221; max_width=&#8221;600px&#8221; link_option_url=&#8221;tel:8193194006&#8243; locked=&#8221;off&#8221; global_colors_info=&#8221;{%22gcid-ab07bb2b-c00e-407f-b645-ea5b096a9ee2%22:%91%22header_3_text_color%22%93}&#8221;]<\/p>\n<h3>Contactez-nous<\/h3>\n<p>819-319-4006<\/p>\n<p>[\/et_pb_text][\/et_pb_column][et_pb_column type=&#8221;1_2&#8243; _builder_version=&#8221;4.22.0&#8243; background_color=&#8221;#121212&#8243; use_background_color_gradient=&#8221;on&#8221; background_color_gradient_stops=&#8221;rgba(18,18,18,0.5) 0%|#121212 100%&#8221; background_color_gradient_overlays_image=&#8221;on&#8221; background_color_gradient_start=&#8221;rgba(18,18,18,0.5)&#8221; background_color_gradient_end=&#8221;#121212&#8243; background_image=&#8221;http:\/\/constructionsema.ca\/wp-content\/uploads\/2023\/11\/6.jpg&#8221; custom_padding=&#8221;200px||260px|8%&#8221; custom_padding_tablet=&#8221;80px|10%|80px|10%&#8221; custom_padding_phone=&#8221;80px|10%|80px|10%&#8221; custom_padding_last_edited=&#8221;on|desktop&#8221; global_colors_info=&#8221;{}&#8221; padding_tablet=&#8221;80px|10%|80px|10%&#8221; padding_last_edited=&#8221;on|desktop&#8221; custom_padding__hover=&#8221;|||&#8221; padding_phone=&#8221;80px|10%|80px|10%&#8221;][et_pb_text _builder_version=&#8221;4.22.0&#8243; text_font=&#8221;Karla||||||||&#8221; text_text_color=&#8221;rgba(255,255,255,0.7)&#8221; text_font_size=&#8221;18px&#8221; text_line_height=&#8221;1.8em&#8221; header_font=&#8221;||||||||&#8221; header_2_font=&#8221;||||||||&#8221; header_2_font_size=&#8221;40px&#8221; header_2_line_height=&#8221;1.4em&#8221; header_3_font=&#8221;Cormorant Garamond|600|||||||&#8221; header_3_line_height=&#8221;1.4em&#8221; background_layout=&#8221;dark&#8221; max_width=&#8221;600px&#8221; locked=&#8221;off&#8221; global_colors_info=&#8221;{}&#8221;]<\/p>\n<h3>\u00c9crivez-nous<\/h3>\n<p><strong>admin@constructionsema.ca<\/strong><\/p>\n<p><quillbot-extension-portal><\/quillbot-extension-portal>[\/et_pb_text][ds_gravity_forms_for_divi form_id=&#8221;f1&#8243; title_type=&#8221;none&#8221; description_type=&#8221;none&#8221; ajax=&#8221;on&#8221; labels_text_color=&#8221;#FFFFFF&#8221; sub_labels_text_color=&#8221;#FFFFFF&#8221; sub_labels_error_text_color=&#8221;#e09900&#8243; _builder_version=&#8221;4.22.0&#8243; _module_preset=&#8221;default&#8221; fields_background_color=&#8221;#FFFFFF&#8221; fields_text_color=&#8221;#000000&#8243; fields_focus_background_color=&#8221;#FFFFFF&#8221; form_heading_text_color=&#8221;#FFFFFF&#8221; labels_font=&#8221;Montserrat|600||on|||||&#8221; labels_font_size=&#8221;15px&#8221; required_text_color=&#8221;#E09900&#8243; sub_labels_font=&#8221;Montserrat|600||on|||||&#8221; background_color=&#8221;rgba(255,255,255,0.13)&#8221; custom_submit_button=&#8221;on&#8221; submit_button_text_size=&#8221;16px&#8221; submit_button_text_color=&#8221;#ffffff&#8221; submit_button_bg_color=&#8221;#8d8a35&#8243; submit_button_font=&#8221;Montserrat|||on|||||&#8221; submit_button_custom_padding=&#8221;8px|34px|8px|34px|true|true&#8221; max_width=&#8221;80%&#8221; module_alignment=&#8221;left&#8221; custom_padding=&#8221;32px|20px|32px|20px|true|true&#8221; hover_enabled=&#8221;0&#8243; global_colors_info=&#8221;{}&#8221; fields_focus_text_color=&#8221;#000000&#8243; sticky_enabled=&#8221;0&#8243;][\/ds_gravity_forms_for_divi][\/et_pb_column][\/et_pb_row][\/et_pb_section]<\/p>\n","protected":false},"excerpt":{"rendered":"<p>Contactez-nous! Avez-vous un projet en t\u00eate? Pour en savoir plus sur nous ou pour toutes questions concernant un investissement, il nous fera plaisir de vous r\u00e9pondre. MerciContactez-nous 819-319-4006\u00c9crivez-nous admin@constructionsema.ca <div class=\"et_pb_module ds_gravity_forms_for_divi ds_gravity_forms_for_divi_0\">\n\t\t\t\t\n\t\t\t\t\n\t\t\t\t\n\t\t\t\t\n\t\t\t\t\n\t\t\t\t\n\t\t\t\t<div class=\"et_pb_module_inner\">\n\t\t\t\t\t<div class=\"ds-gfd-form-meta\"><h2 class=\"ds-gfd-title\"><\/h2><div class=\"ds-gfd-description\"><\/div><\/div><div class=\"ds-gfd-form-container\"><p class=\"gform_not_found\">Oops! We could not locate your form.<\/p><\/div>\n\t\t\t\t<\/div>\n\t\t\t<\/div><\/p>\n","protected":false},"author":1,"featured_media":0,"parent":0,"menu_order":0,"comment_status":"closed","ping_status":"closed","template":"","meta":{"_et_pb_use_builder":"on","_et_pb_old_content":"<!-- wp:divi\/placeholder \/-->","_et_gb_content_width":"","footnotes":""},"class_list":["post-128","page","type-page","status-publish","hentry"],"_links":{"self":[{"href":"https:\/\/constructionsema.ca\/fr\/wp-json\/wp\/v2\/pages\/128","targetHints":{"allow":["GET"]}}],"collection":[{"href":"https:\/\/constructionsema.ca\/fr\/wp-json\/wp\/v2\/pages"}],"about":[{"href":"https:\/\/constructionsema.ca\/fr\/wp-json\/wp\/v2\/types\/page"}],"author":[{"embeddable":true,"href":"https:\/\/constructionsema.ca\/fr\/wp-json\/wp\/v2\/users\/1"}],"replies":[{"embeddable":true,"href":"https:\/\/constructionsema.ca\/fr\/wp-json\/wp\/v2\/comments?post=128"}],"version-history":[{"count":19,"href":"https:\/\/constructionsema.ca\/fr\/wp-json\/wp\/v2\/pages\/128\/revisions"}],"predecessor-version":[{"id":1208,"href":"https:\/\/constructionsema.ca\/fr\/wp-json\/wp\/v2\/pages\/128\/revisions\/1208"}],"wp:attachment":[{"href":"https:\/\/constructionsema.ca\/fr\/wp-json\/wp\/v2\/media?parent=128"}],"curies":[{"name":"wp","href":"https:\/\/api.w.org\/{rel}","templated":true}]}}